{"id":23931,"date":"2020-09-04T16:49:53","date_gmt":"2020-09-29T12:48:04","guid":{"rendered":"https:\/\/webgallery.progettofuoco.com\/prodotto\/hwam-2\/"},"modified":"2021-02-12T16:48:59","modified_gmt":"2021-02-12T15:48:59","slug":"hwam-2","status":"publish","type":"product","link":"https:\/\/webgallery.progettofuoco.com\/en\/prodotto\/hwam-2\/","title":{"rendered":"HWAM"},"content":{"rendered":"<div class=\"wpb-content-wrapper\"><div class=\"nb-rss-cippa\"><\/div><p>[vc_section el_class=&#8221;prodotti&#8221;][vc_row gap=&#8221;20&#8243; el_class=&#8221;gallery-prodotti-up&#8221;][vc_column][vc_single_image image=&#8221;21620&#8243; img_size=&#8221;full&#8221; alignment=&#8221;center&#8221; css=&#8221;.vc_custom_1595505426753{margin-top: 0px !important;margin-bottom: 0px !important;padding-top: 0px !important;padding-bottom: 0px !important;}&#8221;][vc_single_image image=&#8221;21622&#8243; img_size=&#8221;full&#8221; alignment=&#8221;center&#8221; css=&#8221;.vc_custom_1595505441504{margin-top: 0px !important;margin-bottom: 0px !important;padding-top: 0px !important;padding-bottom: 0px !important;}&#8221;][vc_column_text css=&#8221;.vc_custom_1594194472661{margin-bottom: 0px !important;padding-right: 20px !important;padding-bottom: 0px !important;padding-left: 20px !important;}&#8221;]<\/p>\n<h1>HWAM<\/h1>\n<p>[\/vc_column_text][vc_column_text css=&#8221;.vc_custom_1594194688010{margin-bottom: 0px !important;padding-right: 20px !important;padding-bottom: 0px !important;padding-left: 20px !important;}&#8221;]Stufa HWAM: scegli il calore intelligente e proteggi l\u2019ambiente. La natura&#8230;[\/vc_column_text][\/vc_column][\/vc_row][vc_row gap=&#8221;20&#8243; el_class=&#8221;gallery-prodotti-down&#8221;][vc_column width=&#8221;2\/3&#8243;]<style type=\"text\/css\" data-type=\"the7_shortcodes-inline-css\">.icon-with-text-shortcode.icon-text-id-0f5bf21e04b63f05174d840ba262eae1 .text-icon {\n  width: 0px;\n  height: 0px;\n  line-height: 0px;\n  font-size: 32px;\n  border-radius: 0px;\n  margin: 0px 50px 40px 0px;\n}\n.icon-with-text-shortcode.icon-text-id-0f5bf21e04b63f05174d840ba262eae1 .text-icon .icon-inner {\n  min-width: 0px;\n  min-height: 0px;\n  border-radius: 0px;\n}\n@media all and (-ms-high-contrast: none) {\n  .icon-with-text-shortcode.icon-text-id-0f5bf21e04b63f05174d840ba262eae1 .text-icon .icon-inner {\n    height: 0px;\n  }\n}\n.icon-with-text-shortcode.icon-text-id-0f5bf21e04b63f05174d840ba262eae1 .text-icon .dt-hover-icon {\n  line-height: 0px;\n}\n.icon-with-text-shortcode.icon-text-id-0f5bf21e04b63f05174d840ba262eae1 .text-icon:before,\n.icon-with-text-shortcode.icon-text-id-0f5bf21e04b63f05174d840ba262eae1 .text-icon:after,\n.icon-with-text-shortcode.icon-text-id-0f5bf21e04b63f05174d840ba262eae1 .text-icon .icon-inner:before,\n.icon-with-text-shortcode.icon-text-id-0f5bf21e04b63f05174d840ba262eae1 .text-icon .icon-inner:after {\n  min-width: 100%;\n  min-height: 100%;\n  padding: inherit;\n  border-radius: inherit;\n}\n.icon-with-text-shortcode.icon-text-id-0f5bf21e04b63f05174d840ba262eae1 .text-icon.dt-icon-border-on:before {\n  border-width: 2px;\n  border-style: solid;\n}\n.dt-icon-border-dashed.icon-with-text-shortcode.icon-text-id-0f5bf21e04b63f05174d840ba262eae1 .text-icon.dt-icon-border-on:before {\n  border-style: dashed;\n}\n.dt-icon-border-dotted.icon-with-text-shortcode.icon-text-id-0f5bf21e04b63f05174d840ba262eae1 .text-icon.dt-icon-border-on:before {\n  border-style: dotted;\n}\n.dt-icon-border-double.icon-with-text-shortcode.icon-text-id-0f5bf21e04b63f05174d840ba262eae1 .text-icon.dt-icon-border-on:before {\n  border-style: double;\n}\n.icon-with-text-shortcode.icon-text-id-0f5bf21e04b63f05174d840ba262eae1 .text-icon.dt-icon-border-dashed.dt-icon-border-on:before {\n  border-style: dashed;\n}\n.icon-with-text-shortcode.icon-text-id-0f5bf21e04b63f05174d840ba262eae1 .text-icon.dt-icon-border-dotted.dt-icon-border-on:before {\n  border-style: dotted;\n}\n.icon-with-text-shortcode.icon-text-id-0f5bf21e04b63f05174d840ba262eae1 .text-icon.dt-icon-border-double.dt-icon-border-on:before {\n  border-style: double;\n}\n.icon-with-text-shortcode.icon-text-id-0f5bf21e04b63f05174d840ba262eae1 .text-icon.dt-icon-hover-border-on:after {\n  border-width: 2px;\n  border-style: solid;\n}\n.icon-with-text-shortcode.icon-text-id-0f5bf21e04b63f05174d840ba262eae1 .text-icon.dt-icon-border-dashed.dt-icon-hover-border-on:after {\n  border-style: dashed;\n}\n.icon-with-text-shortcode.icon-text-id-0f5bf21e04b63f05174d840ba262eae1 .text-icon.dt-icon-border-dotted.dt-icon-hover-border-on:after {\n  border-style: dotted;\n}\n.icon-with-text-shortcode.icon-text-id-0f5bf21e04b63f05174d840ba262eae1 .text-icon.dt-icon-border-double.dt-icon-hover-border-on:after {\n  border-style: double;\n}\n.icon-with-text-shortcode.icon-text-id-0f5bf21e04b63f05174d840ba262eae1 .text-icon.dt-icon-hover-on:hover {\n  font-size: 32px;\n}\n#page .icon-with-text-shortcode.icon-text-id-0f5bf21e04b63f05174d840ba262eae1 .text-icon.dt-icon-hover-on:hover .soc-font-icon,\n#phantom .icon-with-text-shortcode.icon-text-id-0f5bf21e04b63f05174d840ba262eae1 .text-icon.dt-icon-hover-on:hover .soc-font-icon,\n#page .icon-with-text-shortcode.icon-text-id-0f5bf21e04b63f05174d840ba262eae1 .text-icon.dt-icon-hover-on:hover .soc-icon,\n#phantom .icon-with-text-shortcode.icon-text-id-0f5bf21e04b63f05174d840ba262eae1 .text-icon.dt-icon-hover-on:hover .soc-icon {\n  color: #fff;\n  background: none;\n}\n#page .icon-with-text-shortcode.icon-text-id-0f5bf21e04b63f05174d840ba262eae1 .text-icon.dt-icon-hover-on:not(:hover) .soc-font-icon,\n#phantom .icon-with-text-shortcode.icon-text-id-0f5bf21e04b63f05174d840ba262eae1 .text-icon.dt-icon-hover-on:not(:hover) .soc-font-icon,\n#page .icon-with-text-shortcode.icon-text-id-0f5bf21e04b63f05174d840ba262eae1 .text-icon.dt-icon-hover-on:not(:hover) .soc-icon,\n#phantom .icon-with-text-shortcode.icon-text-id-0f5bf21e04b63f05174d840ba262eae1 .text-icon.dt-icon-hover-on:not(:hover) .soc-icon,\n#page .icon-with-text-shortcode.icon-text-id-0f5bf21e04b63f05174d840ba262eae1 .text-icon.dt-icon-hover-off .soc-font-icon,\n#phantom .icon-with-text-shortcode.icon-text-id-0f5bf21e04b63f05174d840ba262eae1 .text-icon.dt-icon-hover-off .soc-font-icon,\n#page .icon-with-text-shortcode.icon-text-id-0f5bf21e04b63f05174d840ba262eae1 .text-icon.dt-icon-hover-off .soc-icon,\n#phantom .icon-with-text-shortcode.icon-text-id-0f5bf21e04b63f05174d840ba262eae1 .text-icon.dt-icon-hover-off .soc-icon {\n  color: #dac6b8;\n  background: none;\n}\n.icon-with-text-shortcode.icon-text-id-0f5bf21e04b63f05174d840ba262eae1.layout-1 {\n  grid-template-columns: 0px minmax(0,1fr);\n  grid-column-gap: 50px;\n}\n.icon-with-text-shortcode.icon-text-id-0f5bf21e04b63f05174d840ba262eae1.layout-2 {\n  grid-template-columns: minmax(0,1fr) 0px;\n  grid-column-gap: 0px;\n}\n.icon-with-text-shortcode.icon-text-id-0f5bf21e04b63f05174d840ba262eae1.layout-2 .text-icon {\n  margin-left: 0;\n}\n.icon-with-text-shortcode.icon-text-id-0f5bf21e04b63f05174d840ba262eae1.layout-3 {\n  grid-template-columns: 0px minmax(0,1fr);\n}\n.icon-with-text-shortcode.icon-text-id-0f5bf21e04b63f05174d840ba262eae1.layout-3 .dt-text-title {\n  margin-left: 50px;\n}\n.icon-with-text-shortcode.icon-text-id-0f5bf21e04b63f05174d840ba262eae1 .dt-text-title {\n  margin-bottom: 0px;\n}\n.icon-with-text-shortcode.icon-text-id-0f5bf21e04b63f05174d840ba262eae1 .dt-text-desc {\n  margin-bottom: 0px;\n}\n<\/style><div class=\"icon-with-text-shortcode  icon-text-id-0f5bf21e04b63f05174d840ba262eae1 layout-3  vc_custom_1594194626954 \" ><a class=\"block-link anchor-link\"  href=\"http:\/\/www.hwam.com\/\" target=\"_blank\"><\/a><a href=\"http:\/\/www.hwam.com\/\" target=\"_blank\" class=\"anchor-link text-icon dt-icon-bg-off dt-icon-hover-off\"><span class=\"icon-inner\"><i class=\"dt-regular-icon soc-icon Defaults-laptop\"><\/i><i class=\"dt-hover-icon soc-icon Defaults-laptop\"><\/i><\/span><\/a><h4 class=\"dt-text-title anchor-link\"><a class=\"anchor-link\"  href=\"http:\/\/www.hwam.com\/\" target=\"_blank\">www.hwam.com<\/a><\/h4><\/div>[vc_column_text]<strong>Stufa HWAM: scegli il calore intelligente e proteggi l\u2019ambiente<\/strong><\/p>\n<p>La natura ha bisogno di protezione, ora pi\u00f9 che mai<\/p>\n<p>Inizia scegliendo una stufa a legna HWAM.<\/p>\n<p>Puoi fare una grande differenza e lasciare un\u2019impronta pi\u00f9 verde per il divertimento delle generazioni future introducendo piccoli cambiamenti nella tua vita. Tutte le stufe a legna HWAM sono dotate di serie di HWAM\u00ae Autopilot \u2122 per aiutarti a ottenere una buona combustione. Man mano che la temperatura sale e scende nella camera di combustione, una molla bimetallica si espander\u00e0 e si contraer\u00e0, regolando la fornitura d\u2019aria. Quando il fuoco si sta spegnendo, la serranda si riaprir\u00e0 automaticamente e puoi aggiungere legna da ardere o lasciare spegnere il fuoco. Se preferisci una soluzione elettronica in cui un\u2019app ti ricorda quando aggiungere pi\u00f9 legna da ardere, allora dovresti scegliere una stufa a legna con HWAM\u00ae SmartControl \u2122, un sistema elettronico sviluppato in collaborazione con DTU (Technical University of Denmark) per aiutare a raggiungere il combustione pi\u00f9 pulita possibile.<\/p>\n<p><strong>La perfetta combinazione di legno, calore e ossigeno<\/strong><\/p>\n<p>Sono necessari tre elementi essenziali per accendere un fuoco: la giusta quantit\u00e0 di legno, calore e ossigeno. Per ottenere la combustione pi\u00f9 pulita possibile, \u00e8 necessaria un\u2019accurata combinazione di questi elementi. \u00c8 essenziale che la temperatura raggiunga i 750 gradi Celsius il prima possibile, riducendo cos\u00ec il rischio di emissioni di gas e particelle. Questo livello \u00e8 praticamente impossibile da raggiungere manualmente. Una stufa a legna con HWAM\u00ae SmartControl \u2122 ti garantir\u00e0 la combinazione ottimale e quindi una combustione molto pulita.<\/p>\n<p><strong>REALIZZATO IN DANIMARCA<\/strong><\/p>\n<p>Crediamo che innovazione e sviluppo vadano di pari passo con la produzione. Elimina la produzione dall\u2019equazione e perdi le conoscenze pratiche che consentono di tradurre idee di design in vere stufe che soddisfano esigenze ed esigenze sia estetiche che funzionali. Ecco perch\u00e9 tutte le nostre stufe e inserti a legna sono prodotti nel nostro stabilimento di H\u00f8rning, in Danimarca, da oltre 40 anni. Il processo inizia con i nostri talentuosi designer con cui collaboriamo da anni. Quando le loro idee e visioni si sono manifestate in schizzi, aprono un dialogo con i nostri progettisti e la gestione delle vendite per lo sviluppo di una stufa a legna o un inserto che soddisfa le esigenze dei nostri clienti.<\/p>\n<p><strong>Prototipi e test<\/strong><\/p>\n<p>Quando i disegni di progettazione sono in atto, il processo si sposta nel nostro laboratorio di sviluppo presso lo stabilimento di H\u00f8rning, dove verranno preparati i prototipi della nuova stufa. La stufa viene quindi testata dal nostro esperto di combustione per garantire che soddisfi i severi requisiti di una stufa a legna. Quando la stufa a legna o l\u2019inserto brucia come dovrebbe, viene inviato per prove esterne in Danimarca e all\u2019estero per l\u2019approvazione finale presso un istituto di prova certificato.<\/p>\n<p><strong>Il diavolo \u00e8 nei dettagli<\/strong><\/p>\n<p>Il nostro obiettivo \u00e8 sviluppare stufe a legna e dessert con un design unico che attiri il consumatore consapevole di qualit\u00e0. Ed \u00e8 qui che i piccoli dettagli fanno la differenza. Una delle caratteristiche che rende cos\u00ec unica una stufa HWAM \u00e8 una molla bimetallica \u00acHWAM\u00ae Autopilot \u2122 di cui sono dotate tutte le nostre stufe. Controlla automaticamente l\u2019importantissima aria di combustione all\u2019interno della stufa a legna, a differenza di altre stufe, dove \u00e8 necessario regolare l\u2019aria per ottenere una buona combustione. Abbiamo reso tutto pi\u00f9 semplice per te. In questo modo, puoi concentrarti sul godimento del calore e dell\u2019incantevole fuoco.[\/vc_column_text][\/vc_column][vc_column width=&#8221;1\/3&#8243; css=&#8221;.vc_custom_1594031152538{margin-top: 0px !important;margin-bottom: 0px !important;border-top-width: 1px !important;border-right-width: 1px !important;border-bottom-width: 1px !important;border-left-width: 1px !important;padding-top: 0px !important;padding-right: 0px !important;padding-bottom: 0px !important;padding-left: 0px !important;border-left-color: #e3e3e3 !important;border-left-style: solid !important;border-right-color: #e3e3e3 !important;border-right-style: solid !important;border-top-color: #e3e3e3 !important;border-top-style: solid !important;border-bottom-color: #e3e3e3 !important;border-bottom-style: solid !important;}&#8221;][vc_single_image image=&#8221;21620&#8243; img_size=&#8221;full&#8221; alignment=&#8221;center&#8221; css=&#8221;.vc_custom_1595505426753{margin-top: 0px !important;margin-bottom: 0px !important;padding-top: 0px !important;padding-bottom: 0px !important;}&#8221;][vc_single_image image=&#8221;21622&#8243; img_size=&#8221;full&#8221; alignment=&#8221;center&#8221; css=&#8221;.vc_custom_1595505441504{margin-top: 0px !important;margin-bottom: 0px !important;padding-top: 0px !important;padding-bottom: 0px !important;}&#8221;][\/vc_column][\/vc_row][\/vc_section]<\/script><\/p>\n<\/div>","protected":false},"excerpt":{"rendered":"<p>Stufa HWAM: scegli il calore intelligente e proteggi l\u2019ambiente. La natura&#8230;<\/p>\n","protected":false},"featured_media":21622,"comment_status":"closed","ping_status":"closed","template":"","meta":[],"product_brand":[2043],"product_cat":[1999,842],"product_tag":[],"class_list":{"0":"post-23931","1":"product","2":"type-product","3":"status-publish","4":"has-post-thumbnail","6":"product_brand-hwam-en","7":"product_cat-best-of-en","8":"product_cat-stoves-en-best-of-en","9":"pa_p-brand-hwam-en","10":"description-off","12":"first","13":"instock","14":"taxable","15":"shipping-taxable","16":"product-type-simple"},"_links":{"self":[{"href":"https:\/\/webgallery.progettofuoco.com\/en\/wp-json\/wp\/v2\/product\/23931","targetHints":{"allow":["GET"]}}],"collection":[{"href":"https:\/\/webgallery.progettofuoco.com\/en\/wp-json\/wp\/v2\/product"}],"about":[{"href":"https:\/\/webgallery.progettofuoco.com\/en\/wp-json\/wp\/v2\/types\/product"}],"replies":[{"embeddable":true,"href":"https:\/\/webgallery.progettofuoco.com\/en\/wp-json\/wp\/v2\/comments?post=23931"}],"wp:featuredmedia":[{"embeddable":true,"href":"https:\/\/webgallery.progettofuoco.com\/en\/wp-json\/wp\/v2\/media\/21622"}],"wp:attachment":[{"href":"https:\/\/webgallery.progettofuoco.com\/en\/wp-json\/wp\/v2\/media?parent=23931"}],"wp:term":[{"taxonomy":"product_brand","embeddable":true,"href":"https:\/\/webgallery.progettofuoco.com\/en\/wp-json\/wp\/v2\/product_brand?post=23931"},{"taxonomy":"product_cat","embeddable":true,"href":"https:\/\/webgallery.progettofuoco.com\/en\/wp-json\/wp\/v2\/product_cat?post=23931"},{"taxonomy":"product_tag","embeddable":true,"href":"https:\/\/webgallery.progettofuoco.com\/en\/wp-json\/wp\/v2\/product_tag?post=23931"}],"curies":[{"name":"wp","href":"https:\/\/api.w.org\/{rel}","templated":true}]}}